{"id":580,"date":"2021-01-19T20:22:15","date_gmt":"2021-01-20T01:22:15","guid":{"rendered":"https:\/\/taikaeditorial.com\/sitio\/?post_type=product&#038;p=580"},"modified":"2026-03-23T20:16:14","modified_gmt":"2026-03-24T01:16:14","slug":"incendios-fisico","status":"publish","type":"product","link":"https:\/\/taikaeditorial.com\/sitio\/producto\/incendios-fisico\/","title":{"rendered":"Incendios &#8211; F\u00edsico"},"content":{"rendered":"<p>Para escribir sobre romances no hay que hacerlo desde el coraz\u00f3n, sino desde las entra\u00f1as. En esta antolog\u00eda compuesta por una serie de siete relatos, Jazz Noire nos ense\u00f1a, con sublime maestr\u00eda, c\u00f3mo son los verdaderos colores del aut\u00e9ntico amor. Desde los confines del infierno personal de un demonio obsesionado con un humano, hasta el m\u00e1s lejano reino que se encuentra bajo el encantador hechizo de sus reyes, sin pasar por alto la m\u00fasica a medio tono de un bar donde las miradas lascivas y el instante furtivo de un juego hacen arder la sangre de un amante. En conclusi\u00f3n: el amor en todas sus configuraciones posibles.<\/p>\n<p>Los personajes de esta colecci\u00f3n no solo llevar\u00e1n sus mundos a los ojos de quienes se atrevan a conocerlos, sino tambi\u00e9n a descubrir las historias que los hacen ser \u00fanicos y especiales.<\/p>\n<p>&nbsp;<\/p>\n<p style=\"text-align: center;\"><a href=\"https:\/\/taikaeditorial.com\/sitio\/wp-content\/uploads\/2022\/09\/Muestra-Incendios.pdf\" target=\"_blank\" rel=\"noopener noreferrer\"><img decoding=\"async\" class=\"aligncenter wp-image-687 size-full\" src=\"https:\/\/taikaeditorial.com\/sitio\/wp-content\/uploads\/2021\/01\/button_lee-las-primeras-paginas.png\" alt=\"\" width=\"424\" height=\"66\" srcset=\"https:\/\/taikaeditorial.com\/sitio\/wp-content\/uploads\/2021\/01\/button_lee-las-primeras-paginas.png 424w, https:\/\/taikaeditorial.com\/sitio\/wp-content\/uploads\/2021\/01\/button_lee-las-primeras-paginas-300x47.png 300w\" sizes=\"(max-width: 424px) 100vw, 424px\" \/><\/a><\/p>\n<p>&nbsp;<\/p>\n","protected":false},"excerpt":{"rendered":"<p>Una colecci\u00f3n de cuentos de diferentes g\u00e9neros donde el amor y el fuego son protagonistas.<\/p>\n<p><strong>Extras:<\/strong> Libro con ilustraciones a B\/N.<\/p>\n","protected":false},"featured_media":1533,"comment_status":"open","ping_status":"closed","template":"","meta":{"site-sidebar-layout":"default","site-content-layout":"","ast-site-content-layout":"default","site-content-style":"default","site-sidebar-style":"default","ast-global-header-display":"","ast-banner-title-visibility":"","ast-main-header-display":"","ast-hfb-above-header-display":"","ast-hfb-below-header-display":"","ast-hfb-mobile-header-display":"","site-post-title":"","ast-breadcrumbs-content":"","ast-featured-img":"","footer-sml-layout":"","ast-disable-related-posts":"","theme-transparent-header-meta":"","adv-header-id-meta":"","stick-header-meta":"","header-above-stick-meta":"","header-main-stick-meta":"","header-below-stick-meta":"","astra-migrate-meta-layouts":"default","ast-page-background-enabled":"default","ast-page-background-meta":{"desktop":{"background-color":"var(--ast-global-color-5)","background-image":"","background-repeat":"repeat","background-position":"center center","background-size":"auto","background-attachment":"scroll","background-type":"","background-media":"","overlay-type":"","overlay-color":"","overlay-opacity":"","overlay-gradient":""},"tablet":{"background-color":"","background-image":"","background-repeat":"repeat","background-position":"center center","background-size":"auto","background-attachment":"scroll","background-type":"","background-media":"","overlay-type":"","overlay-color":"","overlay-opacity":"","overlay-gradient":""},"mobile":{"background-color":"","background-image":"","background-repeat":"repeat","background-position":"center center","background-size":"auto","background-attachment":"scroll","background-type":"","background-media":"","overlay-type":"","overlay-color":"","overlay-opacity":"","overlay-gradient":""}},"ast-content-background-meta":{"desktop":{"background-color":"var(--ast-global-color-4)","background-image":"","background-repeat":"repeat","background-position":"center center","background-size":"auto","background-attachment":"scroll","background-type":"","background-media":"","overlay-type":"","overlay-color":"","overlay-opacity":"","overlay-gradient":""},"tablet":{"background-color":"var(--ast-global-color-4)","background-image":"","background-repeat":"repeat","background-position":"center center","background-size":"auto","background-attachment":"scroll","background-type":"","background-media":"","overlay-type":"","overlay-color":"","overlay-opacity":"","overlay-gradient":""},"mobile":{"background-color":"var(--ast-global-color-4)","background-image":"","background-repeat":"repeat","background-position":"center center","background-size":"auto","background-attachment":"scroll","background-type":"","background-media":"","overlay-type":"","overlay-color":"","overlay-opacity":"","overlay-gradient":""}}},"product_brand":[],"product_cat":[18],"product_tag":[130,218,136,27,44],"class_list":{"0":"post-580","1":"product","2":"type-product","3":"status-publish","4":"has-post-thumbnail","6":"product_cat-xari","7":"product_tag-bl","8":"product_tag-historias-que-me-hagan-sufrir-bonito","9":"product_tag-incendios","10":"product_tag-lgbtq","11":"product_tag-muerte-de-personaje","12":"product_shipping_class-documentos","13":"desktop-align-center","14":"tablet-align-left","15":"mobile-align-left","17":"first","18":"instock","19":"shipping-taxable","20":"purchasable","21":"product-type-simple"},"_links":{"self":[{"href":"https:\/\/taikaeditorial.com\/sitio\/wp-json\/wp\/v2\/product\/580","targetHints":{"allow":["GET"]}}],"collection":[{"href":"https:\/\/taikaeditorial.com\/sitio\/wp-json\/wp\/v2\/product"}],"about":[{"href":"https:\/\/taikaeditorial.com\/sitio\/wp-json\/wp\/v2\/types\/product"}],"replies":[{"embeddable":true,"href":"https:\/\/taikaeditorial.com\/sitio\/wp-json\/wp\/v2\/comments?post=580"}],"wp:featuredmedia":[{"embeddable":true,"href":"https:\/\/taikaeditorial.com\/sitio\/wp-json\/wp\/v2\/media\/1533"}],"wp:attachment":[{"href":"https:\/\/taikaeditorial.com\/sitio\/wp-json\/wp\/v2\/media?parent=580"}],"wp:term":[{"taxonomy":"product_brand","embeddable":true,"href":"https:\/\/taikaeditorial.com\/sitio\/wp-json\/wp\/v2\/product_brand?post=580"},{"taxonomy":"product_cat","embeddable":true,"href":"https:\/\/taikaeditorial.com\/sitio\/wp-json\/wp\/v2\/product_cat?post=580"},{"taxonomy":"product_tag","embeddable":true,"href":"https:\/\/taikaeditorial.com\/sitio\/wp-json\/wp\/v2\/product_tag?post=580"}],"curies":[{"name":"wp","href":"https:\/\/api.w.org\/{rel}","templated":true}]}}