{"id":3122,"date":"2024-11-11T16:18:27","date_gmt":"2024-11-11T21:18:27","guid":{"rendered":"https:\/\/taikaeditorial.com\/sitio\/?post_type=product&#038;p=3122"},"modified":"2026-05-11T16:27:31","modified_gmt":"2026-05-11T21:27:31","slug":"hijo-de-payasos","status":"publish","type":"product","link":"https:\/\/taikaeditorial.com\/sitio\/producto\/hijo-de-payasos\/","title":{"rendered":"Hijo de Payasos"},"content":{"rendered":"<p>Alexander, un joven estudiante de medicina, encuentra a un mendigo ciego y con \u00e9l empezar\u00e1 un camino para construir un nuevo hogar juntos. Ambuj guarda m\u00e1s secreto de los que \u00e9l espera.<\/p>\n<p>&nbsp;<\/p>\n<p><a href=\"https:\/\/taikaeditorial.com\/sitio\/wp-content\/uploads\/2024\/04\/Muestra-La-gentil-tristeza-de-las-cosas.pdf\"><img decoding=\"async\" class=\"aligncenter wp-image-687 size-full\" src=\"https:\/\/taikaeditorial.com\/sitio\/wp-content\/uploads\/2021\/01\/button_lee-las-primeras-paginas.png\" alt=\"\" width=\"424\" height=\"66\" srcset=\"https:\/\/taikaeditorial.com\/sitio\/wp-content\/uploads\/2021\/01\/button_lee-las-primeras-paginas.png 424w, https:\/\/taikaeditorial.com\/sitio\/wp-content\/uploads\/2021\/01\/button_lee-las-primeras-paginas-300x47.png 300w\" sizes=\"(max-width: 424px) 100vw, 424px\" \/><\/a><\/p>\n<p>&nbsp;<\/p>\n","protected":false},"excerpt":{"rendered":"<p><span id=\"texto-descripcion\">\u00abSolo soy un hijo de payasos\u00bb, dice Ambuj, un joven ciego que ha sido abandonado en las calles de Atenas. Alexander, un estudiante de medicina en pr\u00e1cticas, no puede ignorar su destino y decide ofrecerle un refugio. Lo que comienza como un simple gesto de ayuda se transforma en una conexi\u00f3n tan profunda que desaf\u00eda las expectativas del amor.<\/span><\/p>\n<p>Con su estilo meticuloso y emotivo, Carolina Villadiego teje una novela apasionante, y palabra a palabra nos lleva por el viaje de Alexander y Ambuj, una historia en la que la compasi\u00f3n, el cari\u00f1o y el acompa\u00f1amiento mutuo hacen que el v\u00ednculo entre ellos crezca cada d\u00eda m\u00e1s fuerte.<\/p>\n<p>A medida que Alexander desaf\u00eda los prejuicios sociales y Ambuj descubre un mundo nuevo a trav\u00e9s del amor, los lectores son testigos de una transformaci\u00f3n que tocar\u00e1 sus propios corazones. Hijo de payasos es un recordatorio de que, sin importar cu\u00e1n cruel sea el mundo, el verdadero refugio siempre reside en la humanidad compartida y en el inmenso poder del amor. Esta conmovedora historia de relaci\u00f3n humana y lucha contra el rechazo social se quedar\u00e1 contigo mucho despu\u00e9s de pasar la \u00faltima p\u00e1gina.<\/p>\n","protected":false},"featured_media":3125,"comment_status":"open","ping_status":"closed","template":"","meta":{"_acf_changed":false,"site-sidebar-layout":"default","site-content-layout":"","ast-site-content-layout":"default","site-content-style":"default","site-sidebar-style":"default","ast-global-header-display":"","ast-banner-title-visibility":"","ast-main-header-display":"","ast-hfb-above-header-display":"","ast-hfb-below-header-display":"","ast-hfb-mobile-header-display":"","site-post-title":"","ast-breadcrumbs-content":"","ast-featured-img":"","footer-sml-layout":"","ast-disable-related-posts":"","theme-transparent-header-meta":"default","adv-header-id-meta":"","stick-header-meta":"","header-above-stick-meta":"","header-main-stick-meta":"","header-below-stick-meta":"","astra-migrate-meta-layouts":"set","ast-page-background-enabled":"default","ast-page-background-meta":{"desktop":{"background-color":"var(--ast-global-color-5)","background-image":"","background-repeat":"repeat","background-position":"center center","background-size":"auto","background-attachment":"scroll","background-type":"","background-media":"","overlay-type":"","overlay-color":"","overlay-opacity":"","overlay-gradient":""},"tablet":{"background-color":"","background-image":"","background-repeat":"repeat","background-position":"center center","background-size":"auto","background-attachment":"scroll","background-type":"","background-media":"","overlay-type":"","overlay-color":"","overlay-opacity":"","overlay-gradient":""},"mobile":{"background-color":"","background-image":"","background-repeat":"repeat","background-position":"center center","background-size":"auto","background-attachment":"scroll","background-type":"","background-media":"","overlay-type":"","overlay-color":"","overlay-opacity":"","overlay-gradient":""}},"ast-content-background-meta":{"desktop":{"background-color":"var(--ast-global-color-4)","background-image":"","background-repeat":"repeat","background-position":"center center","background-size":"auto","background-attachment":"scroll","background-type":"","background-media":"","overlay-type":"","overlay-color":"","overlay-opacity":"","overlay-gradient":""},"tablet":{"background-color":"var(--ast-global-color-4)","background-image":"","background-repeat":"repeat","background-position":"center center","background-size":"auto","background-attachment":"scroll","background-type":"","background-media":"","overlay-type":"","overlay-color":"","overlay-opacity":"","overlay-gradient":""},"mobile":{"background-color":"var(--ast-global-color-4)","background-image":"","background-repeat":"repeat","background-position":"center center","background-size":"auto","background-attachment":"scroll","background-type":"","background-media":"","overlay-type":"","overlay-color":"","overlay-opacity":"","overlay-gradient":""}}},"autor":[249],"product_brand":[],"product_cat":[221,20],"product_tag":[130,193,164,218,189,27,247,248,167,192],"class_list":{"0":"post-3122","1":"product","2":"type-product","3":"status-publish","4":"has-post-thumbnail","6":"autor-carolina-villadiego","7":"product_cat-coleccion-carolina","8":"product_cat-ukiyo","9":"product_tag-bl","10":"product_tag-boys-love","11":"product_tag-gays","12":"product_tag-historias-que-me-hagan-sufrir-bonito","13":"product_tag-hurt-comfort","14":"product_tag-lgbtq","15":"product_tag-mencion-abuso-infantil","16":"product_tag-mencion-abuso-sexual","17":"product_tag-r18","18":"product_tag-romance","19":"product_shipping_class-documentos","20":"desktop-align-center","21":"tablet-align-left","22":"mobile-align-left","24":"first","25":"instock","26":"shipping-taxable","27":"purchasable","28":"product-type-simple"},"acf":[],"_links":{"self":[{"href":"https:\/\/taikaeditorial.com\/sitio\/wp-json\/wp\/v2\/product\/3122","targetHints":{"allow":["GET"]}}],"collection":[{"href":"https:\/\/taikaeditorial.com\/sitio\/wp-json\/wp\/v2\/product"}],"about":[{"href":"https:\/\/taikaeditorial.com\/sitio\/wp-json\/wp\/v2\/types\/product"}],"replies":[{"embeddable":true,"href":"https:\/\/taikaeditorial.com\/sitio\/wp-json\/wp\/v2\/comments?post=3122"}],"wp:featuredmedia":[{"embeddable":true,"href":"https:\/\/taikaeditorial.com\/sitio\/wp-json\/wp\/v2\/media\/3125"}],"wp:attachment":[{"href":"https:\/\/taikaeditorial.com\/sitio\/wp-json\/wp\/v2\/media?parent=3122"}],"wp:term":[{"taxonomy":"autor","embeddable":true,"href":"https:\/\/taikaeditorial.com\/sitio\/wp-json\/wp\/v2\/autor?post=3122"},{"taxonomy":"product_brand","embeddable":true,"href":"https:\/\/taikaeditorial.com\/sitio\/wp-json\/wp\/v2\/product_brand?post=3122"},{"taxonomy":"product_cat","embeddable":true,"href":"https:\/\/taikaeditorial.com\/sitio\/wp-json\/wp\/v2\/product_cat?post=3122"},{"taxonomy":"product_tag","embeddable":true,"href":"https:\/\/taikaeditorial.com\/sitio\/wp-json\/wp\/v2\/product_tag?post=3122"}],"curies":[{"name":"wp","href":"https:\/\/api.w.org\/{rel}","templated":true}]}}