{"id":2888,"date":"2025-11-05T19:33:21","date_gmt":"2025-11-06T00:33:21","guid":{"rendered":"https:\/\/taikaeditorial.com\/sitio\/?post_type=product&#038;p=2888"},"modified":"2026-04-28T17:23:24","modified_gmt":"2026-04-28T22:23:24","slug":"sumergido-en-tu-sueno-fisico","status":"publish","type":"product","link":"https:\/\/taikaeditorial.com\/sitio\/producto\/sumergido-en-tu-sueno-fisico\/","title":{"rendered":"Sumergido en tu sue\u00f1o"},"content":{"rendered":"<p>En estas p\u00e1ginas late una historia sobre los lazos que desaf\u00edan al tiempo y el coraje de elegir un futuro distinto.<\/p>\n<p><a href=\"https:\/\/taikaeditorial.com\/sitio\/wp-content\/uploads\/2025\/11\/Muestra-Sumergido-en-tu-sueno.pdf\"><img decoding=\"async\" class=\"aligncenter wp-image-687\" src=\"https:\/\/taikaeditorial.com\/sitio\/wp-content\/uploads\/2021\/01\/button_lee-las-primeras-paginas.png\" alt=\"\" width=\"250\" height=\"39\" srcset=\"https:\/\/taikaeditorial.com\/sitio\/wp-content\/uploads\/2021\/01\/button_lee-las-primeras-paginas.png 424w, https:\/\/taikaeditorial.com\/sitio\/wp-content\/uploads\/2021\/01\/button_lee-las-primeras-paginas-300x47.png 300w\" sizes=\"(max-width: 250px) 100vw, 250px\" \/><\/a><\/p>\n<p>Tambi\u00e9n puedes comprar el ebook:<img decoding=\"async\" class=\"aligncenter wp-image-2989\" src=\"https:\/\/taikaeditorial.com\/sitio\/wp-content\/uploads\/2025\/11\/Amazon_Kindle_logo.svg_.png\" alt=\"\" width=\"200\" height=\"44\" srcset=\"https:\/\/taikaeditorial.com\/sitio\/wp-content\/uploads\/2025\/11\/Amazon_Kindle_logo.svg_.png 1280w, https:\/\/taikaeditorial.com\/sitio\/wp-content\/uploads\/2025\/11\/Amazon_Kindle_logo.svg_-300x67.png 300w, https:\/\/taikaeditorial.com\/sitio\/wp-content\/uploads\/2025\/11\/Amazon_Kindle_logo.svg_-1024x227.png 1024w, https:\/\/taikaeditorial.com\/sitio\/wp-content\/uploads\/2025\/11\/Amazon_Kindle_logo.svg_-768x170.png 768w, https:\/\/taikaeditorial.com\/sitio\/wp-content\/uploads\/2025\/11\/Amazon_Kindle_logo.svg_-600x133.png 600w\" sizes=\"(max-width: 200px) 100vw, 200px\" \/><\/p>\n","protected":false},"excerpt":{"rendered":"<p>Un a\u00f1o despu\u00e9s del suicidio de Dante, su mejor amigo, Jareth, decide seguirlo. Pero el tiempo \u2014en un acto de cruel generosidad\u2014 le concede una segunda oportunidad para cambiar el adi\u00f3s por un para siempre, regres\u00e1ndolo a un momento crucial de su adolescencia.<\/p>\n<p>Ahora, con diecis\u00e9is a\u00f1os, pero con la memoria l\u00facida de un futuro tr\u00e1gico, Jareth tiene una misi\u00f3n: convencer a Dante de que la promesa grabada en su piel \u2014\u00abSi falta uno, faltan los dos\u00bb\u2014 no es una condena, sino una verdad que deben vivir. Para lograrlo, deber\u00e1 confesar el amor que siempre call\u00f3 y proteger a su amigo de los prejuicios que amenazan con destruirlo.<\/p>\n<p>Sin embargo, cambiar el destino nunca es f\u00e1cil. Al revelar sus sentimientos, Jareth podr\u00eda estar empujando a Dante hacia una nueva forma de peligro. \u00bfPodr\u00e1 reescribir la historia y construir una vida junto a \u00e9l, o descubrir\u00e1 que el destino siempre encuentra la manera de reclamar lo que le pertenece?<\/p>\n","protected":false},"featured_media":2890,"comment_status":"open","ping_status":"closed","template":"","meta":{"_acf_changed":false,"site-sidebar-layout":"default","site-content-layout":"","ast-site-content-layout":"default","site-content-style":"default","site-sidebar-style":"default","ast-global-header-display":"","ast-banner-title-visibility":"","ast-main-header-display":"","ast-hfb-above-header-display":"","ast-hfb-below-header-display":"","ast-hfb-mobile-header-display":"","site-post-title":"","ast-breadcrumbs-content":"","ast-featured-img":"","footer-sml-layout":"","ast-disable-related-posts":"","theme-transparent-header-meta":"default","adv-header-id-meta":"","stick-header-meta":"","header-above-stick-meta":"","header-main-stick-meta":"","header-below-stick-meta":"","astra-migrate-meta-layouts":"set","ast-page-background-enabled":"default","ast-page-background-meta":{"desktop":{"background-color":"var(--ast-global-color-5)","background-image":"","background-repeat":"repeat","background-position":"center center","background-size":"auto","background-attachment":"scroll","background-type":"","background-media":"","overlay-type":"","overlay-color":"","overlay-opacity":"","overlay-gradient":""},"tablet":{"background-color":"","background-image":"","background-repeat":"repeat","background-position":"center center","background-size":"auto","background-attachment":"scroll","background-type":"","background-media":"","overlay-type":"","overlay-color":"","overlay-opacity":"","overlay-gradient":""},"mobile":{"background-color":"","background-image":"","background-repeat":"repeat","background-position":"center center","background-size":"auto","background-attachment":"scroll","background-type":"","background-media":"","overlay-type":"","overlay-color":"","overlay-opacity":"","overlay-gradient":""}},"ast-content-background-meta":{"desktop":{"background-color":"var(--ast-global-color-4)","background-image":"","background-repeat":"repeat","background-position":"center center","background-size":"auto","background-attachment":"scroll","background-type":"","background-media":"","overlay-type":"","overlay-color":"","overlay-opacity":"","overlay-gradient":""},"tablet":{"background-color":"var(--ast-global-color-4)","background-image":"","background-repeat":"repeat","background-position":"center center","background-size":"auto","background-attachment":"scroll","background-type":"","background-media":"","overlay-type":"","overlay-color":"","overlay-opacity":"","overlay-gradient":""},"mobile":{"background-color":"var(--ast-global-color-4)","background-image":"","background-repeat":"repeat","background-position":"center center","background-size":"auto","background-attachment":"scroll","background-type":"","background-media":"","overlay-type":"","overlay-color":"","overlay-opacity":"","overlay-gradient":""}}},"autor":[],"product_brand":[],"product_cat":[15],"product_tag":[130,193,213,205,214,164,217,189,27,155,204,53,215],"class_list":{"0":"post-2888","1":"product","2":"type-product","3":"status-publish","4":"has-post-thumbnail","6":"product_cat-erato","7":"product_tag-bl","8":"product_tag-boys-love","9":"product_tag-depresion","10":"product_tag-drama","11":"product_tag-duelo","12":"product_tag-gays","13":"product_tag-historias-que-me-abracen-el-corazon","14":"product_tag-hurt-comfort","15":"product_tag-lgbtq","16":"product_tag-queer","17":"product_tag-slice-of-life","18":"product_tag-suicidio","19":"product_tag-sumergido-en-tu-sueno","20":"product_shipping_class-documentos","21":"desktop-align-center","22":"tablet-align-left","23":"mobile-align-left","25":"first","26":"instock","27":"shipping-taxable","28":"purchasable","29":"product-type-simple"},"acf":[],"_links":{"self":[{"href":"https:\/\/taikaeditorial.com\/sitio\/wp-json\/wp\/v2\/product\/2888","targetHints":{"allow":["GET"]}}],"collection":[{"href":"https:\/\/taikaeditorial.com\/sitio\/wp-json\/wp\/v2\/product"}],"about":[{"href":"https:\/\/taikaeditorial.com\/sitio\/wp-json\/wp\/v2\/types\/product"}],"replies":[{"embeddable":true,"href":"https:\/\/taikaeditorial.com\/sitio\/wp-json\/wp\/v2\/comments?post=2888"}],"wp:featuredmedia":[{"embeddable":true,"href":"https:\/\/taikaeditorial.com\/sitio\/wp-json\/wp\/v2\/media\/2890"}],"wp:attachment":[{"href":"https:\/\/taikaeditorial.com\/sitio\/wp-json\/wp\/v2\/media?parent=2888"}],"wp:term":[{"taxonomy":"autor","embeddable":true,"href":"https:\/\/taikaeditorial.com\/sitio\/wp-json\/wp\/v2\/autor?post=2888"},{"taxonomy":"product_brand","embeddable":true,"href":"https:\/\/taikaeditorial.com\/sitio\/wp-json\/wp\/v2\/product_brand?post=2888"},{"taxonomy":"product_cat","embeddable":true,"href":"https:\/\/taikaeditorial.com\/sitio\/wp-json\/wp\/v2\/product_cat?post=2888"},{"taxonomy":"product_tag","embeddable":true,"href":"https:\/\/taikaeditorial.com\/sitio\/wp-json\/wp\/v2\/product_tag?post=2888"}],"curies":[{"name":"wp","href":"https:\/\/api.w.org\/{rel}","templated":true}]}}