{"id":2821,"date":"2024-10-17T21:25:56","date_gmt":"2024-10-18T02:25:56","guid":{"rendered":"https:\/\/taikaeditorial.com\/sitio\/?post_type=product&#038;p=2821"},"modified":"2026-03-23T20:11:03","modified_gmt":"2026-03-24T01:11:03","slug":"batallas-intima-fisico","status":"publish","type":"product","link":"https:\/\/taikaeditorial.com\/sitio\/producto\/batallas-intima-fisico\/","title":{"rendered":"Batallas \u00edntimas"},"content":{"rendered":"<p><em>Batallas \u00edntimas<\/em> es una antolog\u00eda \u00e9pica y apasionada que te llevar\u00e1 a recorrer momentos claves de la historia, donde guerreros de diferentes \u00e9pocas encuentran consuelo, deseo y amor en medio del conflicto<span class=\"html-span xexx8yu x4uap5 x18d9i69 xkhd6sd x1hl2dhg x16tdsg8 x1vvkbs x3nfvp2 x1j61x8r x1fcty0u xdj266r xat24cr xgzva0m xhhsvwb xxymvpz xlup9mm x1kky2od\">. Con 9 relatos cargados de erotismo y emociones intensas, esta colecci\u00f3n desaf\u00eda las reglas del honor y la masculinidad, y te sumergir\u00e1 en encuentros profundamente carnales. Cada cuento es una batalla entre el deber y el deseo, donde los cuerpos son armas y el amor, la mayor fuerza de todas.<\/span><\/p>\n<p>&nbsp;<\/p>\n<p><a href=\"https:\/\/taikaeditorial.com\/sitio\/wp-content\/uploads\/2024\/10\/Muestra-Batallas-intimas.pdf\"><img decoding=\"async\" class=\"aligncenter wp-image-687 size-full\" src=\"https:\/\/taikaeditorial.com\/sitio\/wp-content\/uploads\/2021\/01\/button_lee-las-primeras-paginas.png\" alt=\"\" width=\"424\" height=\"66\" srcset=\"https:\/\/taikaeditorial.com\/sitio\/wp-content\/uploads\/2021\/01\/button_lee-las-primeras-paginas.png 424w, https:\/\/taikaeditorial.com\/sitio\/wp-content\/uploads\/2021\/01\/button_lee-las-primeras-paginas-300x47.png 300w\" sizes=\"(max-width: 424px) 100vw, 424px\" \/><\/a><\/p>\n<p>&nbsp;<\/p>\n","protected":false},"excerpt":{"rendered":"<p><em>Batallas \u00edntimas<\/em> es una vor\u00e1gine de deseo y poder masculino que atraviesa la historia. Esta colecci\u00f3n de relatos er\u00f3ticos nos sumerge en una serie de encuentros ardientes donde guerreros de distintas \u00e9pocas desaf\u00edan las reglas del honor y la masculinidad patriarcal, entreg\u00e1ndose a una intimidad prohibida, intensa y profundamente carnal.<\/p>\n<p>Imagina a los soldados romanos, exhaustos de la batalla, encontrando consuelo y pasi\u00f3n en los brazos de un compa\u00f1ero de armas; o a los antiguos griegos, quienes celebraban el amor en todas sus formas, desde las caricias m\u00e1s delicadas hasta los momentos m\u00e1s abrasadores de entrega desbordada.<\/p>\n<p>Desde caballeros cruzados que luchan no solo contra enemigos en el campo de batalla, sino contra las convenciones que buscan apartarlos; hasta soldados incas que viven relaciones prohibidas marcadas por un erotismo salvaje y desenfrenado. Guerreros nativos americanos rompen estereotipos y demuestran que el amor, en su forma m\u00e1s pura, no conoce fronteras ni prohibiciones. Incluso en la devastadora Segunda Guerra Mundial, el placer y el romance surgen como un refugio de calor en medio del fr\u00edo caos.<\/p>\n<p>Cada historia es una batalla de sentimientos, donde los cuerpos son armas y el deseo es el campo de guerra. En estas p\u00e1ginas, los besos intensos, las caricias ardientes y las conexiones profundas desaf\u00edan no solo a la historia, sino a cualquier barrera que intente separarlos.<\/p>\n<p><em>Batallas \u00edntimas<\/em> adem\u00e1s de celebrar la diversidad de amar y desear, nos invita a reflexionar sobre la autenticidad de la atracci\u00f3n y el coraje de vivirla plenamente. Aqu\u00ed, el erotismo masculino es el protagonista y nos recuerda que, a trav\u00e9s del tiempo, la pasi\u00f3n humana siempre ha sido una fuerza imparable. Este libro est\u00e1 hecho para ti, que vives el placer sin l\u00edmites, que buscas que cada palabra haga latir tu coraz\u00f3n al ritmo de un sentimiento tan intenso como el cl\u00edmax que encontrar\u00e1s en estas p\u00e1ginas.<\/p>\n","protected":false},"featured_media":2822,"comment_status":"open","ping_status":"closed","template":"","meta":{"_acf_changed":false,"site-sidebar-layout":"default","site-content-layout":"","ast-site-content-layout":"default","site-content-style":"default","site-sidebar-style":"default","ast-global-header-display":"","ast-banner-title-visibility":"","ast-main-header-display":"","ast-hfb-above-header-display":"","ast-hfb-below-header-display":"","ast-hfb-mobile-header-display":"","site-post-title":"","ast-breadcrumbs-content":"","ast-featured-img":"","footer-sml-layout":"","ast-disable-related-posts":"","theme-transparent-header-meta":"","adv-header-id-meta":"","stick-header-meta":"","header-above-stick-meta":"","header-main-stick-meta":"","header-below-stick-meta":"","astra-migrate-meta-layouts":"default","ast-page-background-enabled":"default","ast-page-background-meta":{"desktop":{"background-color":"var(--ast-global-color-5)","background-image":"","background-repeat":"repeat","background-position":"center center","background-size":"auto","background-attachment":"scroll","background-type":"","background-media":"","overlay-type":"","overlay-color":"","overlay-opacity":"","overlay-gradient":""},"tablet":{"background-color":"","background-image":"","background-repeat":"repeat","background-position":"center center","background-size":"auto","background-attachment":"scroll","background-type":"","background-media":"","overlay-type":"","overlay-color":"","overlay-opacity":"","overlay-gradient":""},"mobile":{"background-color":"","background-image":"","background-repeat":"repeat","background-position":"center center","background-size":"auto","background-attachment":"scroll","background-type":"","background-media":"","overlay-type":"","overlay-color":"","overlay-opacity":"","overlay-gradient":""}},"ast-content-background-meta":{"desktop":{"background-color":"var(--ast-global-color-4)","background-image":"","background-repeat":"repeat","background-position":"center center","background-size":"auto","background-attachment":"scroll","background-type":"","background-media":"","overlay-type":"","overlay-color":"","overlay-opacity":"","overlay-gradient":""},"tablet":{"background-color":"var(--ast-global-color-4)","background-image":"","background-repeat":"repeat","background-position":"center center","background-size":"auto","background-attachment":"scroll","background-type":"","background-media":"","overlay-type":"","overlay-color":"","overlay-opacity":"","overlay-gradient":""},"mobile":{"background-color":"var(--ast-global-color-4)","background-image":"","background-repeat":"repeat","background-position":"center center","background-size":"auto","background-attachment":"scroll","background-type":"","background-media":"","overlay-type":"","overlay-color":"","overlay-opacity":"","overlay-gradient":""}}},"autor":[],"product_brand":[],"product_cat":[18],"product_tag":[198,203,209,212,130,193,208,197,164,218,189,27,178,190,44,192,52,49],"class_list":{"0":"post-2821","1":"product","2":"type-product","3":"status-publish","4":"has-post-thumbnail","6":"product_cat-xari","7":"product_tag-abuso","8":"product_tag-angst","9":"product_tag-antologia","10":"product_tag-batallas-intimas","11":"product_tag-bl","12":"product_tag-boys-love","13":"product_tag-cuentos","14":"product_tag-friends-to-lovers","15":"product_tag-gays","16":"product_tag-historias-que-me-hagan-sufrir-bonito","17":"product_tag-hurt-comfort","18":"product_tag-lgbtq","19":"product_tag-masturbacion","20":"product_tag-mitologia","21":"product_tag-muerte-de-personaje","22":"product_tag-romance","23":"product_tag-sexo-explicito","24":"product_tag-violencia-explicita","25":"product_shipping_class-documentos","26":"desktop-align-center","27":"tablet-align-left","28":"mobile-align-left","30":"first","31":"instock","32":"shipping-taxable","33":"purchasable","34":"product-type-simple"},"acf":[],"_links":{"self":[{"href":"https:\/\/taikaeditorial.com\/sitio\/wp-json\/wp\/v2\/product\/2821","targetHints":{"allow":["GET"]}}],"collection":[{"href":"https:\/\/taikaeditorial.com\/sitio\/wp-json\/wp\/v2\/product"}],"about":[{"href":"https:\/\/taikaeditorial.com\/sitio\/wp-json\/wp\/v2\/types\/product"}],"replies":[{"embeddable":true,"href":"https:\/\/taikaeditorial.com\/sitio\/wp-json\/wp\/v2\/comments?post=2821"}],"wp:featuredmedia":[{"embeddable":true,"href":"https:\/\/taikaeditorial.com\/sitio\/wp-json\/wp\/v2\/media\/2822"}],"wp:attachment":[{"href":"https:\/\/taikaeditorial.com\/sitio\/wp-json\/wp\/v2\/media?parent=2821"}],"wp:term":[{"taxonomy":"autor","embeddable":true,"href":"https:\/\/taikaeditorial.com\/sitio\/wp-json\/wp\/v2\/autor?post=2821"},{"taxonomy":"product_brand","embeddable":true,"href":"https:\/\/taikaeditorial.com\/sitio\/wp-json\/wp\/v2\/product_brand?post=2821"},{"taxonomy":"product_cat","embeddable":true,"href":"https:\/\/taikaeditorial.com\/sitio\/wp-json\/wp\/v2\/product_cat?post=2821"},{"taxonomy":"product_tag","embeddable":true,"href":"https:\/\/taikaeditorial.com\/sitio\/wp-json\/wp\/v2\/product_tag?post=2821"}],"curies":[{"name":"wp","href":"https:\/\/api.w.org\/{rel}","templated":true}]}}