{"id":2537,"date":"2023-06-13T20:22:25","date_gmt":"2023-06-14T01:22:25","guid":{"rendered":"https:\/\/taikaeditorial.com\/sitio\/?post_type=product&#038;p=2537"},"modified":"2026-03-23T20:13:07","modified_gmt":"2026-03-24T01:13:07","slug":"rojo-violeta-fisico","status":"publish","type":"product","link":"https:\/\/taikaeditorial.com\/sitio\/producto\/rojo-violeta-fisico\/","title":{"rendered":"Rojo violeta: cuentos desde las entra\u00f1as"},"content":{"rendered":"<p>Este libro te abrir\u00e1 las venas del coraz\u00f3n y te har\u00e1 identificarte con las protagonistas. Es posible que encuentres dolor, pero te aseguramos que tambi\u00e9n encontrar\u00e1s compa\u00f1\u00eda, porque no te sabr\u00e1s sola, est\u00e9s o no pasando por una experiencia similar. Las 11 historias dentro de este libro pretenden crear empat\u00eda y solidaridad entre las y los lectores, hacer pensar dos veces antes de emitir un juicio o presionar a otra persona a hacer lo que no quiere. Queremos que este libro te acompa\u00f1e y sea un refugio si lo necesitas. No est\u00e1s sola. Ni una m\u00e1s.<\/p>\n<p>&nbsp;<\/p>\n<p><a href=\"https:\/\/taikaeditorial.com\/sitio\/wp-content\/uploads\/2023\/07\/Muestra-Rojo-violeta.pdf\"><img decoding=\"async\" class=\"aligncenter wp-image-687 size-full\" src=\"https:\/\/taikaeditorial.com\/sitio\/wp-content\/uploads\/2021\/01\/button_lee-las-primeras-paginas.png\" alt=\"\" width=\"424\" height=\"66\" srcset=\"https:\/\/taikaeditorial.com\/sitio\/wp-content\/uploads\/2021\/01\/button_lee-las-primeras-paginas.png 424w, https:\/\/taikaeditorial.com\/sitio\/wp-content\/uploads\/2021\/01\/button_lee-las-primeras-paginas-300x47.png 300w\" sizes=\"(max-width: 424px) 100vw, 424px\" \/><\/a><\/p>\n<p>&nbsp;<\/p>\n","protected":false},"excerpt":{"rendered":"<p><strong>El libro se env\u00eda entre el 7 y el 11 de agosto, al finalizar la preventa.<\/strong><\/p>\n<p>&nbsp;<\/p>\n<p><i><span style=\"font-weight: 400;\">Rojo violeta: cuentos desde las entra\u00f1as<\/span><\/i><span style=\"font-weight: 400;\"> es una poderosa recopilaci\u00f3n de cuentos escritos por escritoras valientes y talentosas que exploran narrativas que a menudo se silencian. A trav\u00e9s de sus relatos, estas autoras nos sumergen en las profundidades de la experiencia femenina; la primera vez como el resultado de la suma de presiones sociales; la lucha interna de nosotras contra nuestro cuerpo y la fascinaci\u00f3n de conocerlo sin miedo ni culpa por la autoexploraci\u00f3n; el deseo de ser madre, el peso de serlo y el no querer serlo; las marchas y las p\u00e9rdidas; la inocencia y la madurez.<\/span><\/p>\n<p><span style=\"font-weight: 400;\">Este libro es un testimonio de la fuerza y \u200b\u200bla resiliencia de las mujeres. Las autoras capturan momentos de vulnerabilidad, resistencia, identidad de una manera sincera y transparente; al mismo tiempo, es una denuncia de las injusticias y desigualdades del d\u00eda a d\u00eda de una mujer. Cada cuento ofrece una perspectiva \u00fanica y conmovedora que nos invita a reflexionar y a cuestionar nuestras propias actitudes y prejuicios, nos abre un espacio para la empat\u00eda, el entendimiento y el cambio social.<\/span><\/p>\n<p><span style=\"font-weight: 400;\">A trav\u00e9s de la diversidad de voces y experiencias presentadas en estas p\u00e1ginas, <\/span><i><span style=\"font-weight: 400;\">Rojo violeta: cuentos desde las entra\u00f1as<\/span><\/i><span style=\"font-weight: 400;\"> busca dar visibilidad; es un recordatorio de que las voces de las mujeres importan, deben ser escuchadas y valoradas. Prep\u00e1rate para ser llevado en un viaje emocional y revelador a trav\u00e9s de los cuentos \u00edntimos de autoras audaces, donde la solidaridad y la esperanza ser\u00e1n fieles compa\u00f1\u00edas en las oportunidades para luchar juntos por la justicia y la igualdad de g\u00e9nero.\u00a0<\/span><\/p>\n","protected":false},"featured_media":2571,"comment_status":"open","ping_status":"closed","template":"","meta":{"site-sidebar-layout":"default","site-content-layout":"","ast-site-content-layout":"default","site-content-style":"default","site-sidebar-style":"default","ast-global-header-display":"","ast-banner-title-visibility":"","ast-main-header-display":"","ast-hfb-above-header-display":"","ast-hfb-below-header-display":"","ast-hfb-mobile-header-display":"","site-post-title":"","ast-breadcrumbs-content":"","ast-featured-img":"","footer-sml-layout":"","ast-disable-related-posts":"","theme-transparent-header-meta":"","adv-header-id-meta":"","stick-header-meta":"","header-above-stick-meta":"","header-main-stick-meta":"","header-below-stick-meta":"","astra-migrate-meta-layouts":"default","ast-page-background-enabled":"default","ast-page-background-meta":{"desktop":{"background-color":"var(--ast-global-color-5)","background-image":"","background-repeat":"repeat","background-position":"center center","background-size":"auto","background-attachment":"scroll","background-type":"","background-media":"","overlay-type":"","overlay-color":"","overlay-opacity":"","overlay-gradient":""},"tablet":{"background-color":"","background-image":"","background-repeat":"repeat","background-position":"center center","background-size":"auto","background-attachment":"scroll","background-type":"","background-media":"","overlay-type":"","overlay-color":"","overlay-opacity":"","overlay-gradient":""},"mobile":{"background-color":"","background-image":"","background-repeat":"repeat","background-position":"center center","background-size":"auto","background-attachment":"scroll","background-type":"","background-media":"","overlay-type":"","overlay-color":"","overlay-opacity":"","overlay-gradient":""}},"ast-content-background-meta":{"desktop":{"background-color":"var(--ast-global-color-4)","background-image":"","background-repeat":"repeat","background-position":"center center","background-size":"auto","background-attachment":"scroll","background-type":"","background-media":"","overlay-type":"","overlay-color":"","overlay-opacity":"","overlay-gradient":""},"tablet":{"background-color":"var(--ast-global-color-4)","background-image":"","background-repeat":"repeat","background-position":"center center","background-size":"auto","background-attachment":"scroll","background-type":"","background-media":"","overlay-type":"","overlay-color":"","overlay-opacity":"","overlay-gradient":""},"mobile":{"background-color":"var(--ast-global-color-4)","background-image":"","background-repeat":"repeat","background-position":"center center","background-size":"auto","background-attachment":"scroll","background-type":"","background-media":"","overlay-type":"","overlay-color":"","overlay-opacity":"","overlay-gradient":""}}},"product_brand":[],"product_cat":[18],"product_tag":[33,145,179,174,220,175,178,177,172,171,173,176],"class_list":{"0":"post-2537","1":"product","2":"type-product","3":"status-publish","4":"has-post-thumbnail","6":"product_cat-xari","7":"product_tag-aborto","8":"product_tag-abuso-sexual","9":"product_tag-embarazo","10":"product_tag-feminismo","11":"product_tag-historias-para-apreciar-distintas-voces","12":"product_tag-imagen-corporal","13":"product_tag-masturbacion","14":"product_tag-maternidad","15":"product_tag-mujeres","16":"product_tag-rojo-violeta","17":"product_tag-sexualidad","18":"product_tag-violencia-de-genero","19":"product_shipping_class-documentos","20":"desktop-align-center","21":"tablet-align-left","22":"mobile-align-left","24":"first","25":"instock","26":"shipping-taxable","27":"purchasable","28":"product-type-simple"},"_links":{"self":[{"href":"https:\/\/taikaeditorial.com\/sitio\/wp-json\/wp\/v2\/product\/2537","targetHints":{"allow":["GET"]}}],"collection":[{"href":"https:\/\/taikaeditorial.com\/sitio\/wp-json\/wp\/v2\/product"}],"about":[{"href":"https:\/\/taikaeditorial.com\/sitio\/wp-json\/wp\/v2\/types\/product"}],"replies":[{"embeddable":true,"href":"https:\/\/taikaeditorial.com\/sitio\/wp-json\/wp\/v2\/comments?post=2537"}],"wp:featuredmedia":[{"embeddable":true,"href":"https:\/\/taikaeditorial.com\/sitio\/wp-json\/wp\/v2\/media\/2571"}],"wp:attachment":[{"href":"https:\/\/taikaeditorial.com\/sitio\/wp-json\/wp\/v2\/media?parent=2537"}],"wp:term":[{"taxonomy":"product_brand","embeddable":true,"href":"https:\/\/taikaeditorial.com\/sitio\/wp-json\/wp\/v2\/product_brand?post=2537"},{"taxonomy":"product_cat","embeddable":true,"href":"https:\/\/taikaeditorial.com\/sitio\/wp-json\/wp\/v2\/product_cat?post=2537"},{"taxonomy":"product_tag","embeddable":true,"href":"https:\/\/taikaeditorial.com\/sitio\/wp-json\/wp\/v2\/product_tag?post=2537"}],"curies":[{"name":"wp","href":"https:\/\/api.w.org\/{rel}","templated":true}]}}