{"id":2387,"date":"2023-02-06T10:29:02","date_gmt":"2023-02-06T15:29:02","guid":{"rendered":"https:\/\/taikaeditorial.com\/sitio\/?post_type=product&#038;p=2387"},"modified":"2026-03-23T20:13:19","modified_gmt":"2026-03-24T01:13:19","slug":"thomas-fisico","status":"publish","type":"product","link":"https:\/\/taikaeditorial.com\/sitio\/producto\/thomas-fisico\/","title":{"rendered":"Thomas"},"content":{"rendered":"<p>La trieja protagonista nacida en el relato \u00abSubspace permanente\u00bb de <em>Esc\u00fachalos amar<\/em> ha vuelto, pero ahora en formato novela.<\/p>\n<p>Encuentra una lectura exqu\u00edsita y exclusiva solo para lectores +18, y ad\u00e9ntrate en esta relaci\u00f3n poliamorosa y estable que se ver\u00e1 perturbada tras la aparici\u00f3n de una mujer misteriosa.<\/p>\n<p>Acci\u00f3n, drama, poliamor y BDSM&#8230; \u00bfSe necesita algo m\u00e1s para disfrutar de una buena lectura?<\/p>\n<p>&nbsp;<\/p>\n<p><a href=\"https:\/\/taikaeditorial.com\/sitio\/wp-content\/uploads\/2023\/01\/Muestra-Thomas.pdf\"><img decoding=\"async\" class=\"aligncenter wp-image-687 size-full\" src=\"https:\/\/taikaeditorial.com\/sitio\/wp-content\/uploads\/2021\/01\/button_lee-las-primeras-paginas.png\" alt=\"\" width=\"424\" height=\"66\" srcset=\"https:\/\/taikaeditorial.com\/sitio\/wp-content\/uploads\/2021\/01\/button_lee-las-primeras-paginas.png 424w, https:\/\/taikaeditorial.com\/sitio\/wp-content\/uploads\/2021\/01\/button_lee-las-primeras-paginas-300x47.png 300w\" sizes=\"(max-width: 424px) 100vw, 424px\" \/><\/a><\/p>\n","protected":false},"excerpt":{"rendered":"<p>\u00abDios aprieta pero no ahorca, y a Thomas le gusta que lo ahorquen. Pero \u00bfhasta qu\u00e9 punto deja de ser placentero si a Thomas lo estrangula su pasado tambi\u00e9n? El recuerdo de su madre retumba en su cabeza como una playlist de m\u00fasica no chill y viene a ratos para llevarse fragmentos de su presente. Un d\u00eda, una mujer extra\u00f1a se para frente a la puerta de Thomas y, con ella, viene el presagio de un ahorcamiento m\u00e1s violento que sus sesiones de BDSM.<\/p>\n<p>Andr\u00e9s, un empresario exitoso, y Ginger, un artista pl\u00e1stico amante de las plantas, ambos novios de Thomas, deciden abrirle a esta mujer las puertas de su poliamoroso hogar en Tijuana, solo para abrir tambi\u00e9n una grieta en la estabilidad de su familia. \u00abWork Song\u00bb de Hozier anuncia que la paranoia de Thomas es real, y sus novios deben ampliar su red de apoyo y mostrar de manera abierta su relaci\u00f3n con el \u00fanico objetivo de no perder al amor de su vida.<\/p>\n<p>Steff C\u00e1rdenas Ter\u00e1n nos sumerge en un drama rom\u00e1ntico, c\u00f3mico, cargado con una buena dosis de suspenso que nos dejar\u00e1 con el coraz\u00f3n a punto de salir en m\u00e1s de una ocasi\u00f3n. Con un lenguaje ligero y relajado, nos lleva a trav\u00e9s de esta aventura nada f\u00e1cil y nada placentera para la trieja protagonista de esta historia. Es, sin duda, una experiencia excitante que te amarrar\u00e1 hasta con el m\u00ednimo detalle y disfrutar\u00e1s cada nudo que la autora ha atado minuciosamente para ti\u00bb.<\/p>\n<p>&nbsp;<\/p>\n<p><strong>Especificaciones:<\/strong> Ilustraciones interior en B\/N, 266<span class=\"tojvnm2t a6sixzi8 abs2jz4q a8s20v7p t1p8iaqh k5wvi7nf q3lfd5jv pk4s997a bipmatt0 cebpdrjk qowsmv63 owwhemhu dp1hu0rb dhp61c6y iyyx5f41\">\u00a0pag., Tama\u00f1o 14&#215;21,5, portada a color, doble solapa.<\/span><\/p>\n<p>&nbsp;<\/p>\n","protected":false},"featured_media":2388,"comment_status":"open","ping_status":"closed","template":"","meta":{"_acf_changed":false,"site-sidebar-layout":"default","site-content-layout":"","ast-site-content-layout":"default","site-content-style":"default","site-sidebar-style":"default","ast-global-header-display":"","ast-banner-title-visibility":"","ast-main-header-display":"","ast-hfb-above-header-display":"","ast-hfb-below-header-display":"","ast-hfb-mobile-header-display":"","site-post-title":"","ast-breadcrumbs-content":"","ast-featured-img":"","footer-sml-layout":"","ast-disable-related-posts":"","theme-transparent-header-meta":"","adv-header-id-meta":"","stick-header-meta":"","header-above-stick-meta":"","header-main-stick-meta":"","header-below-stick-meta":"","astra-migrate-meta-layouts":"default","ast-page-background-enabled":"default","ast-page-background-meta":{"desktop":{"background-color":"var(--ast-global-color-5)","background-image":"","background-repeat":"repeat","background-position":"center center","background-size":"auto","background-attachment":"scroll","background-type":"","background-media":"","overlay-type":"","overlay-color":"","overlay-opacity":"","overlay-gradient":""},"tablet":{"background-color":"","background-image":"","background-repeat":"repeat","background-position":"center center","background-size":"auto","background-attachment":"scroll","background-type":"","background-media":"","overlay-type":"","overlay-color":"","overlay-opacity":"","overlay-gradient":""},"mobile":{"background-color":"","background-image":"","background-repeat":"repeat","background-position":"center center","background-size":"auto","background-attachment":"scroll","background-type":"","background-media":"","overlay-type":"","overlay-color":"","overlay-opacity":"","overlay-gradient":""}},"ast-content-background-meta":{"desktop":{"background-color":"var(--ast-global-color-4)","background-image":"","background-repeat":"repeat","background-position":"center center","background-size":"auto","background-attachment":"scroll","background-type":"","background-media":"","overlay-type":"","overlay-color":"","overlay-opacity":"","overlay-gradient":""},"tablet":{"background-color":"var(--ast-global-color-4)","background-image":"","background-repeat":"repeat","background-position":"center center","background-size":"auto","background-attachment":"scroll","background-type":"","background-media":"","overlay-type":"","overlay-color":"","overlay-opacity":"","overlay-gradient":""},"mobile":{"background-color":"var(--ast-global-color-4)","background-image":"","background-repeat":"repeat","background-position":"center center","background-size":"auto","background-attachment":"scroll","background-type":"","background-media":"","overlay-type":"","overlay-color":"","overlay-opacity":"","overlay-gradient":""}}},"autor":[],"product_brand":[],"product_cat":[20],"product_tag":[145,168,130,32,31,135,164,218,27,44,25,167,52,170,169,49],"class_list":{"0":"post-2387","1":"product","2":"type-product","3":"status-publish","4":"has-post-thumbnail","6":"product_cat-ukiyo","7":"product_tag-abuso-sexual","8":"product_tag-bdsm","9":"product_tag-bl","10":"product_tag-bullying","11":"product_tag-discriminacion-lgbtq","12":"product_tag-escuchalos-amar","13":"product_tag-gays","14":"product_tag-historias-que-me-hagan-sufrir-bonito","15":"product_tag-lgbtq","16":"product_tag-muerte-de-personaje","17":"product_tag-poliamor","18":"product_tag-r18","19":"product_tag-sexo-explicito","20":"product_tag-thomas","21":"product_tag-trieja","22":"product_tag-violencia-explicita","23":"product_shipping_class-documentos","24":"desktop-align-center","25":"tablet-align-left","26":"mobile-align-left","28":"first","29":"instock","30":"shipping-taxable","31":"purchasable","32":"product-type-simple"},"acf":[],"_links":{"self":[{"href":"https:\/\/taikaeditorial.com\/sitio\/wp-json\/wp\/v2\/product\/2387","targetHints":{"allow":["GET"]}}],"collection":[{"href":"https:\/\/taikaeditorial.com\/sitio\/wp-json\/wp\/v2\/product"}],"about":[{"href":"https:\/\/taikaeditorial.com\/sitio\/wp-json\/wp\/v2\/types\/product"}],"replies":[{"embeddable":true,"href":"https:\/\/taikaeditorial.com\/sitio\/wp-json\/wp\/v2\/comments?post=2387"}],"wp:featuredmedia":[{"embeddable":true,"href":"https:\/\/taikaeditorial.com\/sitio\/wp-json\/wp\/v2\/media\/2388"}],"wp:attachment":[{"href":"https:\/\/taikaeditorial.com\/sitio\/wp-json\/wp\/v2\/media?parent=2387"}],"wp:term":[{"taxonomy":"autor","embeddable":true,"href":"https:\/\/taikaeditorial.com\/sitio\/wp-json\/wp\/v2\/autor?post=2387"},{"taxonomy":"product_brand","embeddable":true,"href":"https:\/\/taikaeditorial.com\/sitio\/wp-json\/wp\/v2\/product_brand?post=2387"},{"taxonomy":"product_cat","embeddable":true,"href":"https:\/\/taikaeditorial.com\/sitio\/wp-json\/wp\/v2\/product_cat?post=2387"},{"taxonomy":"product_tag","embeddable":true,"href":"https:\/\/taikaeditorial.com\/sitio\/wp-json\/wp\/v2\/product_tag?post=2387"}],"curies":[{"name":"wp","href":"https:\/\/api.w.org\/{rel}","templated":true}]}}