{"id":2334,"date":"2022-11-03T11:07:45","date_gmt":"2022-11-03T16:07:45","guid":{"rendered":"https:\/\/taikaeditorial.com\/sitio\/?post_type=product&#038;p=2334"},"modified":"2026-03-19T18:08:23","modified_gmt":"2026-03-19T23:08:23","slug":"playlist-para-amantes-lado-oscuro","status":"publish","type":"product","link":"https:\/\/taikaeditorial.com\/sitio\/producto\/playlist-para-amantes-lado-oscuro\/","title":{"rendered":"Playlist para amantes: lado oscuro &#8211; Ebook gratuito"},"content":{"rendered":"<p>Es de noche, las horas pasan y los recuerdos te ahogan en olas que golpean con las se\u00f1ales que pasaron inadvertidas; con las palabras que jam\u00e1s fueron dichas y que nunca m\u00e1s podr\u00e1s pronunciar; con aquellas disculpas que guardas en secreto como un gesto de buena fe con alguien a quien amas, aun con el silencio que te consume en culpabilidad; con las heridas de un pasado que todav\u00eda no sana y sigues viviendo a trav\u00e9s de las memorias.<\/p>\n<p>Las canciones que suenan en tus aud\u00edfonos son todas escritas para ti, son el abrazo vac\u00edo que necesitas mientras te hundes en la locura para no volver jam\u00e1s.<\/p>\n<p>Este es el lado oscuro del amor.<\/p>\n","protected":false},"excerpt":{"rendered":"<p>Es de noche, las horas pasan y los recuerdos te ahogan en olas que golpean con las se\u00f1ales que pasaron inadvertidas; con las palabras que jam\u00e1s fueron dichas y que nunca m\u00e1s podr\u00e1s pronunciar; con aquellas disculpas que guardas en secreto como un gesto de buena fe con alguien a quien amas, aun con el silencio que te consume en culpabilidad; con las heridas de un pasado que todav\u00eda no sana y sigues viviendo a trav\u00e9s de las memorias.<\/p>\n<p>Las canciones que suenan en tus aud\u00edfonos son todas escritas para ti, son el abrazo vac\u00edo que necesitas mientras te hundes en la locura para no volver jam\u00e1s.<\/p>\n<p>Este es el lado oscuro del amor.<\/p>\n<p>&nbsp;<\/p>\n<p>Relato de Ali Molina, autora que participa en las antolog\u00edas<em> Bajo el paraguas: 19 relatos de orgullo<\/em> y <em>Un grito que no nos puede matar<\/em>.<\/p>\n<p>&nbsp;<\/p>\n<p><a href=\"https:\/\/play.google.com\/store\/apps\/details?id=com.taika.app\" target=\"_blank\" rel=\"noopener noreferrer\"><img decoding=\"async\" class=\"aligncenter wp-image-709 size-full\" src=\"https:\/\/taikaeditorial.com\/sitio\/wp-content\/uploads\/2021\/01\/button_lee-en-nuestra-app.png\" alt=\"\" width=\"351\" height=\"66\" srcset=\"https:\/\/taikaeditorial.com\/sitio\/wp-content\/uploads\/2021\/01\/button_lee-en-nuestra-app.png 351w, https:\/\/taikaeditorial.com\/sitio\/wp-content\/uploads\/2021\/01\/button_lee-en-nuestra-app-300x56.png 300w\" sizes=\"(max-width: 351px) 100vw, 351px\" \/><\/a><\/p>\n<p>&nbsp;<\/p>\n","protected":false},"featured_media":2335,"comment_status":"open","ping_status":"closed","template":"","meta":{"_acf_changed":false,"site-sidebar-layout":"default","site-content-layout":"","ast-site-content-layout":"default","site-content-style":"default","site-sidebar-style":"default","ast-global-header-display":"","ast-banner-title-visibility":"","ast-main-header-display":"","ast-hfb-above-header-display":"","ast-hfb-below-header-display":"","ast-hfb-mobile-header-display":"","site-post-title":"","ast-breadcrumbs-content":"","ast-featured-img":"","footer-sml-layout":"","ast-disable-related-posts":"","theme-transparent-header-meta":"","adv-header-id-meta":"","stick-header-meta":"","header-above-stick-meta":"","header-main-stick-meta":"","header-below-stick-meta":"","astra-migrate-meta-layouts":"default","ast-page-background-enabled":"default","ast-page-background-meta":{"desktop":{"background-color":"var(--ast-global-color-5)","background-image":"","background-repeat":"repeat","background-position":"center center","background-size":"auto","background-attachment":"scroll","background-type":"","background-media":"","overlay-type":"","overlay-color":"","overlay-opacity":"","overlay-gradient":""},"tablet":{"background-color":"","background-image":"","background-repeat":"repeat","background-position":"center center","background-size":"auto","background-attachment":"scroll","background-type":"","background-media":"","overlay-type":"","overlay-color":"","overlay-opacity":"","overlay-gradient":""},"mobile":{"background-color":"","background-image":"","background-repeat":"repeat","background-position":"center center","background-size":"auto","background-attachment":"scroll","background-type":"","background-media":"","overlay-type":"","overlay-color":"","overlay-opacity":"","overlay-gradient":""}},"ast-content-background-meta":{"desktop":{"background-color":"var(--ast-global-color-4)","background-image":"","background-repeat":"repeat","background-position":"center center","background-size":"auto","background-attachment":"scroll","background-type":"","background-media":"","overlay-type":"","overlay-color":"","overlay-opacity":"","overlay-gradient":""},"tablet":{"background-color":"var(--ast-global-color-4)","background-image":"","background-repeat":"repeat","background-position":"center center","background-size":"auto","background-attachment":"scroll","background-type":"","background-media":"","overlay-type":"","overlay-color":"","overlay-opacity":"","overlay-gradient":""},"mobile":{"background-color":"var(--ast-global-color-4)","background-image":"","background-repeat":"repeat","background-position":"center center","background-size":"auto","background-attachment":"scroll","background-type":"","background-media":"","overlay-type":"","overlay-color":"","overlay-opacity":"","overlay-gradient":""}}},"autor":[],"product_brand":[],"product_cat":[26],"product_tag":[27],"class_list":{"0":"post-2334","1":"product","2":"type-product","3":"status-publish","4":"has-post-thumbnail","6":"product_cat-coleccion-libre","7":"product_tag-lgbtq","8":"desktop-align-center","9":"tablet-align-left","10":"mobile-align-left","12":"first","13":"instock","14":"downloadable","15":"virtual","16":"purchasable","17":"product-type-simple"},"acf":[],"_links":{"self":[{"href":"https:\/\/taikaeditorial.com\/sitio\/wp-json\/wp\/v2\/product\/2334","targetHints":{"allow":["GET"]}}],"collection":[{"href":"https:\/\/taikaeditorial.com\/sitio\/wp-json\/wp\/v2\/product"}],"about":[{"href":"https:\/\/taikaeditorial.com\/sitio\/wp-json\/wp\/v2\/types\/product"}],"replies":[{"embeddable":true,"href":"https:\/\/taikaeditorial.com\/sitio\/wp-json\/wp\/v2\/comments?post=2334"}],"wp:featuredmedia":[{"embeddable":true,"href":"https:\/\/taikaeditorial.com\/sitio\/wp-json\/wp\/v2\/media\/2335"}],"wp:attachment":[{"href":"https:\/\/taikaeditorial.com\/sitio\/wp-json\/wp\/v2\/media?parent=2334"}],"wp:term":[{"taxonomy":"autor","embeddable":true,"href":"https:\/\/taikaeditorial.com\/sitio\/wp-json\/wp\/v2\/autor?post=2334"},{"taxonomy":"product_brand","embeddable":true,"href":"https:\/\/taikaeditorial.com\/sitio\/wp-json\/wp\/v2\/product_brand?post=2334"},{"taxonomy":"product_cat","embeddable":true,"href":"https:\/\/taikaeditorial.com\/sitio\/wp-json\/wp\/v2\/product_cat?post=2334"},{"taxonomy":"product_tag","embeddable":true,"href":"https:\/\/taikaeditorial.com\/sitio\/wp-json\/wp\/v2\/product_tag?post=2334"}],"curies":[{"name":"wp","href":"https:\/\/api.w.org\/{rel}","templated":true}]}}