{"id":1843,"date":"2025-10-29T18:02:23","date_gmt":"2025-10-29T23:02:23","guid":{"rendered":"https:\/\/taikaeditorial.com\/sitio\/?post_type=product&#038;p=1843"},"modified":"2026-03-23T20:09:16","modified_gmt":"2026-03-24T01:09:16","slug":"game-over-fisico","status":"publish","type":"product","link":"https:\/\/taikaeditorial.com\/sitio\/producto\/game-over-fisico\/","title":{"rendered":"Game Over"},"content":{"rendered":"<p><span class=\"tojvnm2t a6sixzi8 abs2jz4q a8s20v7p t1p8iaqh k5wvi7nf q3lfd5jv pk4s997a bipmatt0 cebpdrjk qowsmv63 owwhemhu dp1hu0rb dhp61c6y iyyx5f41\">Lee una antolog\u00eda con 11 cuentos donde la premisa principal son los juegos: desde aquellos virtuales que nos remontar\u00e1n a nuestros mejores a\u00f1os en las arcades latinoamericanas, hasta aquellos f\u00edsicos o mentales que pueden definir toda nuestra vida\u2026 Al fin de cuentas, \u00bfno es la vida en s\u00ed otro juego m\u00e1s?<br \/>\n<\/span><\/p>\n<p><span class=\"tojvnm2t a6sixzi8 abs2jz4q a8s20v7p t1p8iaqh k5wvi7nf q3lfd5jv pk4s997a bipmatt0 cebpdrjk qowsmv63 owwhemhu dp1hu0rb dhp61c6y iyyx5f41\">Antolog\u00eda con ilustraciones incluidas.<\/span><\/p>\n<p>&nbsp;<\/p>\n<p><a href=\"https:\/\/taikaeditorial.com\/sitio\/wp-content\/uploads\/2022\/09\/Muestra-Game-Over.pdf\"><img decoding=\"async\" class=\"aligncenter wp-image-687 size-full\" src=\"https:\/\/taikaeditorial.com\/sitio\/wp-content\/uploads\/2021\/01\/button_lee-las-primeras-paginas.png\" alt=\"\" width=\"424\" height=\"66\" srcset=\"https:\/\/taikaeditorial.com\/sitio\/wp-content\/uploads\/2021\/01\/button_lee-las-primeras-paginas.png 424w, https:\/\/taikaeditorial.com\/sitio\/wp-content\/uploads\/2021\/01\/button_lee-las-primeras-paginas-300x47.png 300w\" sizes=\"(max-width: 424px) 100vw, 424px\" \/><\/a><\/p>\n","protected":false},"excerpt":{"rendered":"<p><span id=\"texto-descripcion\">Desde que se inventaron, los juegos han formado parte de nuestra vida. Han viajado a nuestro lado, compartido momentos importantes, han estado en nuestros ratos de compa\u00f1\u00eda y soledad. Game Over, en esta nueva edici\u00f3n corregida y aumentada, es un conjunto de cuentos que nos recuerdan lo bueno, lo malo y lo \u00fatil que nos han dejado los juegos: ense\u00f1anzas, experiencias de vida y, por qu\u00e9 no, hasta traumas.<br \/>\nEl autor explora c\u00f3mo han interactuado los juegos y la virtualidad con la realidad: las relaciones interpersonales, los estilos de vida, el desarrollo personal, el trabajo y hasta las enfermedades. Plasma la decadencia, la mugre, la intolerancia, la discriminaci\u00f3n; todo aquello que no es un juego, sino la vida real. \u00bfO acaso la vida es solo un juego?<br \/>\nEn cada cuento, encontramos el poder del juego sobre nuestras vidas: el escritor nos lleva desde un recorrido expr\u00e9s por los arcades populares de Chile, en donde se compet\u00eda, se socializaba; nos hace recordar juegos inocentes, como volar un volant\u00edn; nos coloca despu\u00e9s en un tablero de ajedrez, en el que somos piezas, pero no de madera, sino de carne y hueso, luchando por un jaque mate. Nos muestra hasta d\u00f3nde somos capaces de aguantar en el juego por necesidad econ\u00f3mica o, por el contrario, por avaricia. Nos hace cuestionarnos si el juego es parte de la vida o la vida es parte del juego. Al final, puede que haya, o no, un bot\u00f3n de reset.<\/span><\/p>\n<p>&nbsp;<\/p>\n<p>&nbsp;<\/p>\n<p><strong>Especificaciones:<\/strong> Ilustraciones interior en B\/N, <span class=\"tojvnm2t a6sixzi8 abs2jz4q a8s20v7p t1p8iaqh k5wvi7nf q3lfd5jv pk4s997a bipmatt0 cebpdrjk qowsmv63 owwhemhu dp1hu0rb dhp61c6y iyyx5f41\">152 pag., Tama\u00f1o 14&#215;21,5, portada a color, doble solapa.<\/span><\/p>\n<p>&nbsp;<\/p>\n","protected":false},"featured_media":2975,"comment_status":"open","ping_status":"closed","template":"","meta":{"_acf_changed":false,"site-sidebar-layout":"default","site-content-layout":"","ast-site-content-layout":"default","site-content-style":"default","site-sidebar-style":"default","ast-global-header-display":"","ast-banner-title-visibility":"","ast-main-header-display":"","ast-hfb-above-header-display":"","ast-hfb-below-header-display":"","ast-hfb-mobile-header-display":"","site-post-title":"","ast-breadcrumbs-content":"","ast-featured-img":"","footer-sml-layout":"","ast-disable-related-posts":"","theme-transparent-header-meta":"default","adv-header-id-meta":"","stick-header-meta":"","header-above-stick-meta":"","header-main-stick-meta":"","header-below-stick-meta":"","astra-migrate-meta-layouts":"set","ast-page-background-enabled":"default","ast-page-background-meta":{"desktop":{"background-color":"var(--ast-global-color-5)","background-image":"","background-repeat":"repeat","background-position":"center center","background-size":"auto","background-attachment":"scroll","background-type":"","background-media":"","overlay-type":"","overlay-color":"","overlay-opacity":"","overlay-gradient":""},"tablet":{"background-color":"","background-image":"","background-repeat":"repeat","background-position":"center center","background-size":"auto","background-attachment":"scroll","background-type":"","background-media":"","overlay-type":"","overlay-color":"","overlay-opacity":"","overlay-gradient":""},"mobile":{"background-color":"","background-image":"","background-repeat":"repeat","background-position":"center center","background-size":"auto","background-attachment":"scroll","background-type":"","background-media":"","overlay-type":"","overlay-color":"","overlay-opacity":"","overlay-gradient":""}},"ast-content-background-meta":{"desktop":{"background-color":"var(--ast-global-color-4)","background-image":"","background-repeat":"repeat","background-position":"center center","background-size":"auto","background-attachment":"scroll","background-type":"","background-media":"","overlay-type":"","overlay-color":"","overlay-opacity":"","overlay-gradient":""},"tablet":{"background-color":"var(--ast-global-color-4)","background-image":"","background-repeat":"repeat","background-position":"center center","background-size":"auto","background-attachment":"scroll","background-type":"","background-media":"","overlay-type":"","overlay-color":"","overlay-opacity":"","overlay-gradient":""},"mobile":{"background-color":"var(--ast-global-color-4)","background-image":"","background-repeat":"repeat","background-position":"center center","background-size":"auto","background-attachment":"scroll","background-type":"","background-media":"","overlay-type":"","overlay-color":"","overlay-opacity":"","overlay-gradient":""}}},"autor":[],"product_brand":[],"product_cat":[15],"product_tag":[31,147,219,27,44,49],"class_list":{"0":"post-1843","1":"product","2":"type-product","3":"status-publish","4":"has-post-thumbnail","6":"product_cat-erato","7":"product_tag-discriminacion-lgbtq","8":"product_tag-game-over","9":"product_tag-historias-para-cuestionar-el-mundo","10":"product_tag-lgbtq","11":"product_tag-muerte-de-personaje","12":"product_tag-violencia-explicita","13":"product_shipping_class-documentos","14":"desktop-align-center","15":"tablet-align-left","16":"mobile-align-left","18":"first","19":"instock","20":"shipping-taxable","21":"purchasable","22":"product-type-simple"},"acf":[],"_links":{"self":[{"href":"https:\/\/taikaeditorial.com\/sitio\/wp-json\/wp\/v2\/product\/1843","targetHints":{"allow":["GET"]}}],"collection":[{"href":"https:\/\/taikaeditorial.com\/sitio\/wp-json\/wp\/v2\/product"}],"about":[{"href":"https:\/\/taikaeditorial.com\/sitio\/wp-json\/wp\/v2\/types\/product"}],"replies":[{"embeddable":true,"href":"https:\/\/taikaeditorial.com\/sitio\/wp-json\/wp\/v2\/comments?post=1843"}],"wp:featuredmedia":[{"embeddable":true,"href":"https:\/\/taikaeditorial.com\/sitio\/wp-json\/wp\/v2\/media\/2975"}],"wp:attachment":[{"href":"https:\/\/taikaeditorial.com\/sitio\/wp-json\/wp\/v2\/media?parent=1843"}],"wp:term":[{"taxonomy":"autor","embeddable":true,"href":"https:\/\/taikaeditorial.com\/sitio\/wp-json\/wp\/v2\/autor?post=1843"},{"taxonomy":"product_brand","embeddable":true,"href":"https:\/\/taikaeditorial.com\/sitio\/wp-json\/wp\/v2\/product_brand?post=1843"},{"taxonomy":"product_cat","embeddable":true,"href":"https:\/\/taikaeditorial.com\/sitio\/wp-json\/wp\/v2\/product_cat?post=1843"},{"taxonomy":"product_tag","embeddable":true,"href":"https:\/\/taikaeditorial.com\/sitio\/wp-json\/wp\/v2\/product_tag?post=1843"}],"curies":[{"name":"wp","href":"https:\/\/api.w.org\/{rel}","templated":true}]}}